{"id":746,"date":"2023-11-07T17:55:13","date_gmt":"2023-11-07T16:55:13","guid":{"rendered":"http:\/\/patriciaschwarzkopf.de\/wordpress\/?page_id=746"},"modified":"2023-11-08T09:07:43","modified_gmt":"2023-11-08T08:07:43","slug":"mce-kurs-2024","status":"publish","type":"page","link":"http:\/\/patriciaschwarzkopf.de\/wordpress\/mce-kurs-2024\/","title":{"rendered":"MCE-Kurs 2024"},"content":{"rendered":"<p>[et_pb_section fb_built=&#8220;1&#8243; admin_label=&#8220;section&#8220; _builder_version=&#8220;4.16&#8243; min_height=&#8220;918.2px&#8220; custom_padding=&#8220;55px|||||&#8220; global_colors_info=&#8220;{}&#8220;][et_pb_row _builder_version=&#8220;4.17.4&#8243; _module_preset=&#8220;default&#8220; custom_margin=&#8220;-82px|auto||auto||&#8220; global_colors_info=&#8220;{}&#8220;][et_pb_column type=&#8220;4_4&#8243; _builder_version=&#8220;4.17.4&#8243; _module_preset=&#8220;default&#8220; global_colors_info=&#8220;{}&#8220;][et_pb_image src=&#8220;http:\/\/patriciaschwarzkopf.de\/wordpress\/wp-content\/uploads\/2023\/11\/header-MCE.jpg&#8220; title_text=&#8220;header-MCE&#8220; align=&#8220;center&#8220; force_fullwidth=&#8220;on&#8220; _builder_version=&#8220;4.17.4&#8243; _module_preset=&#8220;default&#8220; global_colors_info=&#8220;{}&#8220;][\/et_pb_image][\/et_pb_column][\/et_pb_row][et_pb_row admin_label=&#8220;row&#8220; _builder_version=&#8220;4.16&#8243; background_size=&#8220;initial&#8220; background_position=&#8220;top_left&#8220; background_repeat=&#8220;repeat&#8220; custom_padding=&#8220;2px|||0px||&#8220; global_colors_info=&#8220;{}&#8220;][et_pb_column type=&#8220;4_4&#8243; _builder_version=&#8220;4.16&#8243; custom_padding=&#8220;|||&#8220; global_colors_info=&#8220;{}&#8220; custom_padding__hover=&#8220;|||&#8220;][et_pb_text _builder_version=&#8220;4.17.4&#8243; _module_preset=&#8220;default&#8220; custom_padding=&#8220;||7px|||&#8220; global_colors_info=&#8220;{}&#8220;]<\/p>\n<h3 class=\"p1\" style=\"text-align: center;\">Mindful Compassionate Education* &#8211; MCE<\/h3>\n<h3 class=\"p1\" style=\"text-align: center;\">Stressbew\u00e4ltigung und Selbstf\u00fcrsorge durch Achtsamkeit und Selbstmitgef\u00fchl<\/h3>\n<p class=\"p2\" style=\"text-align: center;\"><i>f\u00fcr Lehrende, P\u00e4dagog*innen, Erzieher*innen<br \/>und alle, die erzieherisch mit Kindern und Jugendlichen arbeiten<\/i><\/p>\n<p class=\"p2\" style=\"text-align: center;\"><strong>Onlinekurs via Zoom<\/strong><\/p>\n<p>[\/et_pb_text][\/et_pb_column][\/et_pb_row][et_pb_row admin_label=&#8220;row&#8220; _builder_version=&#8220;4.16&#8243; background_size=&#8220;initial&#8220; background_position=&#8220;top_left&#8220; background_repeat=&#8220;repeat&#8220; custom_padding=&#8220;2px|||0px||&#8220; global_colors_info=&#8220;{}&#8220;][et_pb_column type=&#8220;4_4&#8243; _builder_version=&#8220;4.16&#8243; custom_padding=&#8220;|||&#8220; global_colors_info=&#8220;{}&#8220; custom_padding__hover=&#8220;|||&#8220;][et_pb_text _builder_version=&#8220;4.17.4&#8243; _module_preset=&#8220;default&#8220; custom_padding=&#8220;||59px|||&#8220; global_colors_info=&#8220;{}&#8220;]<\/p>\n<p class=\"p1\">In diesem Kurs liegt der Schwerpunkt auf der Entwicklung von Selbstmitgef\u00fchl, um den Umgang mit Stress, Konflikten und Herausforderungen zu verbessern. Wir vertiefen uns in Themen wie neurowissen-schaftliche Grundlagen, Achtsamkeit, Selbstmit-gef\u00fchl, Beziehung und Kommunikation.<\/p>\n<p class=\"p1\">Durch praxisnahe \u00dcbungen und Meditationen erlernen und vertiefen die Teilnehmer*innen eine positive Haltung im p\u00e4dagogischen Handeln. Der Kurs erstreckt sich \u00fcber 4 x 2,5 Stunden und beinhaltet Handouts und Audio-\u00dcbungen.<\/p>\n<p class=\"p2\"><strong>Freitag, den 26.01.2024, 16 &#8211; 18:30 Uhr<\/strong><br \/><strong>Samstag, den 27.01.2024, 10 &#8211; 12:30 Uhr<\/strong><\/p>\n<p class=\"p2\"><strong>Freitag, den 09.02.2024, 16 &#8211; 18:30 Uhr<\/strong><br \/><strong>Samstag, den 10.02.2024, 10 &#8211; 12:30 Uhr<\/strong><\/p>\n<p class=\"p1\"><em>Preis nach Selbsteinsch\u00e4tzung \u20ac 120,- bis \u20ac 170,-<\/em><\/p>\n<p class=\"p1\"><a href=\"mailto:mail@patriciaschwarzkopf.de\"><span style=\"text-decoration: underline;\">Anmeldung per E-Mail hier.<\/span><\/a><\/p>\n<p class=\"p1\"><i>* Aufgebaut auf dem ZPP-zertifizierten Achtsamkeits- und Selbstmitgef\u00fchlstraining \u201dMCP (<\/i>TM)<i> &#8211; Mindful Compassionate Parenting&#8220;<\/i><\/p>\n<p>[\/et_pb_text][\/et_pb_column][\/et_pb_row][et_pb_row _builder_version=&#8220;4.17.4&#8243; _module_preset=&#8220;default&#8220; background_color=&#8220;#F1EAEA&#8220; min_height=&#8220;215px&#8220; custom_margin=&#8220;-58px||||false|false&#8220; custom_padding=&#8220;|3px||30px|false|false&#8220; global_colors_info=&#8220;{}&#8220;][et_pb_column type=&#8220;4_4&#8243; _builder_version=&#8220;4.16&#8243; _module_preset=&#8220;default&#8220; global_colors_info=&#8220;{}&#8220;][et_pb_text _builder_version=&#8220;4.17.4&#8243; _module_preset=&#8220;default&#8220; custom_margin=&#8220;-8px||-15px||false|false&#8220; custom_padding=&#8220;0px||1px|||&#8220; global_colors_info=&#8220;{}&#8220;]<\/p>\n<h3 class=\"p1\">Fortbildungsinhalt<\/h3>\n<ul>\n<li class=\"p2\">Praktische \u00dcbungen und angeleitete Meditationen<\/li>\n<li class=\"p2\">Auseinandersetzung mit p\u00e4dagogischen Themen wie Sicherheit und Bindung<\/li>\n<li class=\"p3\">Grenzen der eigenen M\u00f6glichkeiten erkennen<\/li>\n<li class=\"p3\">Innere Stressmuster erkennen und \u00dcberforderung vermeiden<\/li>\n<li class=\"p3\">Konfliktbew\u00e4ltigungsstrategien erarbeiten<\/li>\n<li class=\"p3\">Grenzen sp\u00fcren und setzen<\/li>\n<li class=\"p3\">\u00dcbungen f\u00fcr zuhause, die Selbstf\u00fcrsorge, Mitfreude und Gelassenheit st\u00e4rken<\/li>\n<li class=\"p3\">Erfahrungsaustausch<\/li>\n<\/ul>\n<p>[\/et_pb_text][\/et_pb_column][\/et_pb_row][et_pb_row _builder_version=&#8220;4.17.4&#8243; _module_preset=&#8220;default&#8220; custom_padding=&#8220;83px|||||&#8220; global_colors_info=&#8220;{}&#8220;][et_pb_column type=&#8220;4_4&#8243; _builder_version=&#8220;4.17.4&#8243; _module_preset=&#8220;default&#8220; global_colors_info=&#8220;{}&#8220;][et_pb_image src=&#8220;http:\/\/patriciaschwarzkopf.de\/wordpress\/wp-content\/uploads\/2023\/11\/MCE-flyer-2024-thumb.jpg&#8220; title_text=&#8220;MCE-flyer-2024-thumb&#8220; url=&#8220;http:\/\/patriciaschwarzkopf.de\/wordpress\/wp-content\/uploads\/2023\/11\/MCE-flyer-Zoom-2024.pdf&#8220; url_new_window=&#8220;on&#8220; align=&#8220;center&#8220; _builder_version=&#8220;4.17.4&#8243; _module_preset=&#8220;default&#8220; width=&#8220;25%&#8220; max_width=&#8220;100%&#8220; custom_margin=&#8220;-42px||7px|||&#8220; hover_enabled=&#8220;0&#8243; global_colors_info=&#8220;{}&#8220; sticky_enabled=&#8220;0&#8243;][\/et_pb_image][et_pb_text _builder_version=&#8220;4.17.4&#8243; _module_preset=&#8220;default&#8220; min_height=&#8220;22.8px&#8220; custom_margin=&#8220;2px||21px|||&#8220; link_option_url=&#8220;http:\/\/patriciaschwarzkopf.de\/wordpress\/wp-content\/uploads\/2023\/11\/MCE-flyer-Zoom-2024.pdf&#8220; link_option_url_new_window=&#8220;on&#8220; hover_enabled=&#8220;0&#8243; global_colors_info=&#8220;{}&#8220; sticky_enabled=&#8220;0&#8243;]<\/p>\n<p style=\"text-align: center;\"><em>PDF-Datei herunterladen<\/em><\/p>\n<p>[\/et_pb_text][\/et_pb_column][\/et_pb_row][\/et_pb_section][et_pb_section fb_built=&#8220;1&#8243; _builder_version=&#8220;4.17.4&#8243; _module_preset=&#8220;default&#8220; background_color=&#8220;#F1EAEA&#8220; locked=&#8220;off&#8220; global_colors_info=&#8220;{}&#8220;][et_pb_row column_structure=&#8220;1_4,1_4,1_4,1_4&#8243; _builder_version=&#8220;4.17.4&#8243; _module_preset=&#8220;default&#8220; locked=&#8220;off&#8220; global_colors_info=&#8220;{}&#8220;][et_pb_column type=&#8220;1_4&#8243; _builder_version=&#8220;4.17.4&#8243; _module_preset=&#8220;default&#8220; global_colors_info=&#8220;{}&#8220;][et_pb_image src=&#8220;http:\/\/patriciaschwarzkopf.de\/wordpress\/wp-content\/uploads\/2022\/06\/header_bildung_2022.jpg&#8220; title_text=&#8220;header_bildung_2022&#8243; url=&#8220;http:\/\/patriciaschwarzkopf.de\/wordpress\/achtsamkeit\/&#8220; _builder_version=&#8220;4.17.4&#8243; _module_preset=&#8220;default&#8220; custom_margin=&#8220;||10px|||&#8220; global_colors_info=&#8220;{}&#8220;][\/et_pb_image][et_pb_text _builder_version=&#8220;4.17.4&#8243; _module_preset=&#8220;default&#8220; link_option_url=&#8220;http:\/\/patriciaschwarzkopf.de\/wordpress\/achtsamkeit\/&#8220; global_colors_info=&#8220;{}&#8220;]<\/p>\n<p style=\"text-align: center;\"><em>Achtsamkeit in Bildungseinrichtungen<\/em><\/p>\n<p>[\/et_pb_text][\/et_pb_column][et_pb_column type=&#8220;1_4&#8243; _builder_version=&#8220;4.17.4&#8243; _module_preset=&#8220;default&#8220; global_colors_info=&#8220;{}&#8220;][et_pb_image src=&#8220;http:\/\/patriciaschwarzkopf.de\/wordpress\/wp-content\/uploads\/2022\/06\/dyaden_header_2022.jpg&#8220; title_text=&#8220;dyaden_header_2022&#8243; url=&#8220;http:\/\/patriciaschwarzkopf.de\/wordpress\/dyaden\/&#8220; _builder_version=&#8220;4.17.4&#8243; _module_preset=&#8220;default&#8220; custom_margin=&#8220;||11px|||&#8220; global_colors_info=&#8220;{}&#8220;][\/et_pb_image][et_pb_text _builder_version=&#8220;4.17.4&#8243; _module_preset=&#8220;default&#8220; link_option_url=&#8220;http:\/\/patriciaschwarzkopf.de\/wordpress\/dyaden\/&#8220; global_colors_info=&#8220;{}&#8220;]<\/p>\n<p style=\"text-align: center;\"><em>Dyaden &#8211; Meditationsgespr\u00e4che<\/em><\/p>\n<p>[\/et_pb_text][\/et_pb_column][et_pb_column type=&#8220;1_4&#8243; _builder_version=&#8220;4.17.4&#8243; _module_preset=&#8220;default&#8220; global_colors_info=&#8220;{}&#8220;][et_pb_image src=&#8220;http:\/\/patriciaschwarzkopf.de\/wordpress\/wp-content\/uploads\/2022\/06\/material_header_2022.png&#8220; title_text=&#8220;material_header_2022&#8243; url=&#8220;http:\/\/patriciaschwarzkopf.de\/wordpress\/material\/&#8220; _builder_version=&#8220;4.17.4&#8243; _module_preset=&#8220;default&#8220; custom_margin=&#8220;||10px|||&#8220; global_colors_info=&#8220;{}&#8220;][\/et_pb_image][et_pb_text _builder_version=&#8220;4.17.4&#8243; _module_preset=&#8220;default&#8220; link_option_url=&#8220;http:\/\/patriciaschwarzkopf.de\/wordpress\/material\/&#8220; global_colors_info=&#8220;{}&#8220;]<\/p>\n<p style=\"text-align: center;\"><em>Kursangebote und Materialien<\/em><\/p>\n<p>[\/et_pb_text][\/et_pb_column][et_pb_column type=&#8220;1_4&#8243; _builder_version=&#8220;4.17.4&#8243; _module_preset=&#8220;default&#8220; global_colors_info=&#8220;{}&#8220;][et_pb_image src=&#8220;http:\/\/patriciaschwarzkopf.de\/wordpress\/wp-content\/uploads\/2022\/06\/header_front.jpg&#8220; title_text=&#8220;header_front&#8220; url=&#8220;http:\/\/patriciaschwarzkopf.de\/wordpress\/&#8220; _builder_version=&#8220;4.17.4&#8243; _module_preset=&#8220;default&#8220; custom_margin=&#8220;||8px|||&#8220; global_colors_info=&#8220;{}&#8220;][\/et_pb_image][et_pb_text _builder_version=&#8220;4.17.4&#8243; _module_preset=&#8220;default&#8220; link_option_url=&#8220;http:\/\/patriciaschwarzkopf.de\/wordpress\/&#8220; global_colors_info=&#8220;{}&#8220;]<\/p>\n<p style=\"text-align: center;\"><em>Startseite<\/em><\/p>\n<p>[\/et_pb_text][\/et_pb_column][\/et_pb_row][et_pb_row _builder_version=&#8220;4.17.4&#8243; _module_preset=&#8220;default&#8220; global_colors_info=&#8220;{}&#8220;][et_pb_column type=&#8220;4_4&#8243; _builder_version=&#8220;4.17.4&#8243; _module_preset=&#8220;default&#8220; global_colors_info=&#8220;{}&#8220;][et_pb_text _builder_version=&#8220;4.17.4&#8243; _module_preset=&#8220;default&#8220; global_colors_info=&#8220;{}&#8220;]<\/p>\n<p style=\"text-align: center;\"><span style=\"color: #000000;\"><a href=\"mailto:mail@patriciaschwarzkopf.de\" style=\"color: #000000;\">mail@patriciaschwarzkopf.de<\/a><\/span><\/p>\n<p style=\"text-align: center;\"><a href=\"http:\/\/patriciaschwarzkopf.de\/wordpress\/impressum-datenschutz\/\"><span style=\"color: #000000;\">Impressum \/ Datenschutz<\/span><\/a><\/p>\n<p>[\/et_pb_text][\/et_pb_column][\/et_pb_row][\/et_pb_section]<\/p>\n","protected":false},"excerpt":{"rendered":"<p>Mindful Compassionate Education* &#8211; MCE Stressbew\u00e4ltigung und Selbstf\u00fcrsorge durch Achtsamkeit und Selbstmitgef\u00fchl f\u00fcr Lehrende, P\u00e4dagog*innen, Erzieher*innenund alle, die erzieherisch mit [&hellip;]<\/p>\n","protected":false},"author":4,"featured_media":0,"parent":0,"menu_order":0,"comment_status":"closed","ping_status":"closed","template":"","meta":{"_et_pb_use_builder":"on","_et_pb_old_content":"","_et_gb_content_width":""},"_links":{"self":[{"href":"http:\/\/patriciaschwarzkopf.de\/wordpress\/wp-json\/wp\/v2\/pages\/746"}],"collection":[{"href":"http:\/\/patriciaschwarzkopf.de\/wordpress\/wp-json\/wp\/v2\/pages"}],"about":[{"href":"http:\/\/patriciaschwarzkopf.de\/wordpress\/wp-json\/wp\/v2\/types\/page"}],"author":[{"embeddable":true,"href":"http:\/\/patriciaschwarzkopf.de\/wordpress\/wp-json\/wp\/v2\/users\/4"}],"replies":[{"embeddable":true,"href":"http:\/\/patriciaschwarzkopf.de\/wordpress\/wp-json\/wp\/v2\/comments?post=746"}],"version-history":[{"count":15,"href":"http:\/\/patriciaschwarzkopf.de\/wordpress\/wp-json\/wp\/v2\/pages\/746\/revisions"}],"predecessor-version":[{"id":778,"href":"http:\/\/patriciaschwarzkopf.de\/wordpress\/wp-json\/wp\/v2\/pages\/746\/revisions\/778"}],"wp:attachment":[{"href":"http:\/\/patriciaschwarzkopf.de\/wordpress\/wp-json\/wp\/v2\/media?parent=746"}],"curies":[{"name":"wp","href":"https:\/\/api.w.org\/{rel}","templated":true}]}}