{"id":718,"date":"2023-08-07T15:31:31","date_gmt":"2023-08-07T13:31:31","guid":{"rendered":"http:\/\/patriciaschwarzkopf.de\/wordpress\/?page_id=718"},"modified":"2023-08-12T23:27:39","modified_gmt":"2023-08-12T21:27:39","slug":"mbsr-kompaktkurs","status":"publish","type":"page","link":"http:\/\/patriciaschwarzkopf.de\/wordpress\/mbsr-kompaktkurs\/","title":{"rendered":"MBSR Kompaktkurs"},"content":{"rendered":"<p>[et_pb_section fb_built=&#8220;1&#8243; admin_label=&#8220;section&#8220; _builder_version=&#8220;4.16&#8243; min_height=&#8220;918.2px&#8220; custom_padding=&#8220;55px|||||&#8220; global_colors_info=&#8220;{}&#8220;][et_pb_row _builder_version=&#8220;4.17.4&#8243; _module_preset=&#8220;default&#8220; custom_margin=&#8220;-82px|auto||auto||&#8220; global_colors_info=&#8220;{}&#8220;][et_pb_column type=&#8220;4_4&#8243; _builder_version=&#8220;4.17.4&#8243; _module_preset=&#8220;default&#8220; global_colors_info=&#8220;{}&#8220;][et_pb_image src=&#8220;http:\/\/patriciaschwarzkopf.de\/wordpress\/wp-content\/uploads\/2023\/08\/Header_Kurs0_10-11-23.jpg&#8220; title_text=&#8220;Header_Kurs0_10-11-23&#8243; _builder_version=&#8220;4.17.4&#8243; _module_preset=&#8220;default&#8220; global_colors_info=&#8220;{}&#8220;][\/et_pb_image][\/et_pb_column][\/et_pb_row][et_pb_row column_structure=&#8220;1_2,1_2&#8243; admin_label=&#8220;row&#8220; _builder_version=&#8220;4.16&#8243; background_size=&#8220;initial&#8220; background_position=&#8220;top_left&#8220; background_repeat=&#8220;repeat&#8220; custom_padding=&#8220;2px|||0px||&#8220; global_colors_info=&#8220;{}&#8220;][et_pb_column type=&#8220;1_2&#8243; _builder_version=&#8220;4.16&#8243; custom_padding=&#8220;|||&#8220; global_colors_info=&#8220;{}&#8220; custom_padding__hover=&#8220;|||&#8220;][et_pb_text _builder_version=&#8220;4.17.4&#8243; _module_preset=&#8220;default&#8220; custom_padding=&#8220;||7px|||&#8220; global_colors_info=&#8220;{}&#8220;]<\/p>\n<p><em><span style=\"color: #000000;\">MBSR Kompaktkurs<\/span><\/em><\/p>\n<h3><strong>Stressbew\u00e4ltigung durch Achtsamkeit<\/strong><\/h3>\n<h3><em>Achtsamkeitskurs begleitet mit Yoga<\/em><\/h3>\n<p>28.\/29. Oktober 2023, 9-13 Uhr<br \/>11.\/12. November 2023, 9-13 Uhr<br \/>online via zoom<\/p>\n<p>[\/et_pb_text][\/et_pb_column][et_pb_column type=&#8220;1_2&#8243; _builder_version=&#8220;4.16&#8243; custom_padding=&#8220;|||&#8220; global_colors_info=&#8220;{}&#8220; custom_padding__hover=&#8220;|||&#8220;][et_pb_image src=&#8220;http:\/\/patriciaschwarzkopf.de\/wordpress\/wp-content\/uploads\/2023\/08\/schnupper-vignet.png&#8220; title_text=&#8220;schnupper-vignet&#8220; _builder_version=&#8220;4.17.4&#8243; _module_preset=&#8220;default&#8220; width=&#8220;35%&#8220; module_alignment=&#8220;center&#8220; global_colors_info=&#8220;{}&#8220;][\/et_pb_image][\/et_pb_column][\/et_pb_row][et_pb_row admin_label=&#8220;row&#8220; _builder_version=&#8220;4.16&#8243; background_size=&#8220;initial&#8220; background_position=&#8220;top_left&#8220; background_repeat=&#8220;repeat&#8220; custom_padding=&#8220;2px|||0px||&#8220; global_colors_info=&#8220;{}&#8220;][et_pb_column type=&#8220;4_4&#8243; _builder_version=&#8220;4.16&#8243; custom_padding=&#8220;|||&#8220; global_colors_info=&#8220;{}&#8220; custom_padding__hover=&#8220;|||&#8220;][et_pb_text _builder_version=&#8220;4.17.4&#8243; _module_preset=&#8220;default&#8220; custom_padding=&#8220;||59px|||&#8220; global_colors_info=&#8220;{}&#8220;]<\/p>\n<h3><em>F\u00fcr mehr Klarheit, Ruhe und Pr\u00e4senz im Alltag<\/em><\/h3>\n<p>Erlebe eines der effektivsten Stressbew\u00e4ltigungs-Programme der Welt: MBSR (Mindfulness-Based-Stress-Reduction) entwickelt durch Prof. Dr. Jon Kabat-Zinn ist wissenschaftlich fundiert und bew\u00e4hrt. Es ist ein kraftvolles Training, basierend auf meditativen Praktiken und alltagstauglichen \u00dcbungen, um das Leben stressfreier und damit ges\u00fcnder und froher zu gestalten.<\/p>\n<p><strong> Kosten<\/strong>: 120-280 Euro nach Selbsteinsch\u00e4tzung<\/p>\n<p><strong>Anmeldeschluss:<\/strong> 20. Oktober 2023<\/p>\n<p>N\u00e4here Informationen und Anmeldung: <span style=\"color: #808080;\"><a href=\"mailto:info@patriciaschwarzkopf.de\" style=\"color: #808080;\">info@patriciaschwarzkopf.de<\/a> oder <a href=\"mailto:eva-yoga@gmx.de\" style=\"color: #808080;\">eva-yoga@gmx.de<\/a><\/span><\/p>\n<p>[\/et_pb_text][\/et_pb_column][\/et_pb_row][et_pb_row _builder_version=&#8220;4.17.4&#8243; _module_preset=&#8220;default&#8220; background_color=&#8220;#F1EAEA&#8220; min_height=&#8220;215px&#8220; custom_margin=&#8220;-58px||||false|false&#8220; custom_padding=&#8220;|3px||30px|false|false&#8220; global_colors_info=&#8220;{}&#8220;][et_pb_column type=&#8220;4_4&#8243; _builder_version=&#8220;4.16&#8243; _module_preset=&#8220;default&#8220; global_colors_info=&#8220;{}&#8220;][et_pb_text _builder_version=&#8220;4.17.4&#8243; _module_preset=&#8220;default&#8220; custom_margin=&#8220;-8px||-15px||false|false&#8220; custom_padding=&#8220;0px||1px|||&#8220; global_colors_info=&#8220;{}&#8220;]<\/p>\n<h3>Inhalt des Seminars<\/h3>\n<ul>\n<li>Achtsamkeitsmeditation im Sitzen (ganzheitliche Wahrnehmung; Kopf, K\u00f6rper und Geist)<\/li>\n<li>Bodyscan (Im K\u00f6rper beheimatet sein)<\/li>\n<li>K\u00f6rper\u00fcbungen (zu den Themen Anspannung, Entspannung und eigene Grenzen erkennen)<\/li>\n<li>Auf Achtsamkeit und Selbstreflektion beruhende \u00dcbungen f\u00fcr den Alltag<\/li>\n<li>Austausch in der Gruppe und in der Kleingruppe<\/li>\n<li>Kurzvortr\u00e4ge, Impulse und \u00dcbungen zu den Themen Achtsamkeit im Alltag<\/li>\n<li>Vertiefende Vortr\u00e4ge zur Achtsamkeit, Meditation und Gehirnforschung<\/li>\n<li>T\u00e4gliche, leichte Yoga-\u00dcbungen runden diesen MBSR Kompaktkurs ab<\/li>\n<\/ul>\n<p>[\/et_pb_text][\/et_pb_column][\/et_pb_row][et_pb_row _builder_version=&#8220;4.17.4&#8243; _module_preset=&#8220;default&#8220; custom_padding=&#8220;83px|||||&#8220; global_colors_info=&#8220;{}&#8220;][et_pb_column type=&#8220;4_4&#8243; _builder_version=&#8220;4.17.4&#8243; _module_preset=&#8220;default&#8220; global_colors_info=&#8220;{}&#8220;][et_pb_image src=&#8220;http:\/\/patriciaschwarzkopf.de\/wordpress\/wp-content\/uploads\/2023\/08\/Flyer-Kurs-10-11-23-1.jpg&#8220; title_text=&#8220;Flyer-Kurs-10-11-23-1&#8243; url=&#8220;http:\/\/patriciaschwarzkopf.de\/wordpress\/wp-content\/uploads\/2023\/08\/Flyer-Kurs-10-11-23.pdf&#8220; align=&#8220;center&#8220; _builder_version=&#8220;4.17.4&#8243; _module_preset=&#8220;default&#8220; width=&#8220;25%&#8220; max_width=&#8220;100%&#8220; custom_margin=&#8220;-42px||7px|||&#8220; global_colors_info=&#8220;{}&#8220;][\/et_pb_image][et_pb_text _builder_version=&#8220;4.17.4&#8243; _module_preset=&#8220;default&#8220; min_height=&#8220;22.8px&#8220; custom_margin=&#8220;2px||21px|||&#8220; link_option_url=&#8220;http:\/\/patriciaschwarzkopf.de\/wordpress\/wp-content\/uploads\/2023\/08\/Flyer-Kurs-10-11-23.pdf&#8220; global_colors_info=&#8220;{}&#8220;]<\/p>\n<p style=\"text-align: center;\"><em>PDF-Datei herunterladen<\/em><\/p>\n<p>[\/et_pb_text][\/et_pb_column][\/et_pb_row][et_pb_row column_structure=&#8220;1_4,1_4,1_4,1_4&#8243; _builder_version=&#8220;4.17.4&#8243; _module_preset=&#8220;default&#8220; global_colors_info=&#8220;{}&#8220;][et_pb_column type=&#8220;1_4&#8243; _builder_version=&#8220;4.17.4&#8243; _module_preset=&#8220;default&#8220; global_colors_info=&#8220;{}&#8220;][et_pb_image src=&#8220;http:\/\/patriciaschwarzkopf.de\/wordpress\/wp-content\/uploads\/2022\/10\/patricia_kurs.png&#8220; title_text=&#8220;patricia_kurs&#8220; _builder_version=&#8220;4.17.4&#8243; _module_preset=&#8220;default&#8220; hover_enabled=&#8220;0&#8243; global_colors_info=&#8220;{}&#8220; max_width=&#8220;80%&#8220; module_alignment=&#8220;center&#8220; sticky_enabled=&#8220;0&#8243;][\/et_pb_image][\/et_pb_column][et_pb_column type=&#8220;1_4&#8243; _builder_version=&#8220;4.17.4&#8243; _module_preset=&#8220;default&#8220; global_colors_info=&#8220;{}&#8220;][et_pb_text _builder_version=&#8220;4.17.4&#8243; _module_preset=&#8220;default&#8220; global_colors_info=&#8220;{}&#8220;]<\/p>\n<p><strong>Patricia Schwarzkopf<\/strong><\/p>\n<p>Lehrerin, Achtsamkeitslehrerin, (MCP und MBSR), Trainerin f\u00fcr Achtsamkeit, GfK-Lehrerin, Referentin f\u00fcr achtsamkeitsbezogene Lehrendenbildung (AVE)<\/p>\n<p>[\/et_pb_text][\/et_pb_column][et_pb_column type=&#8220;1_4&#8243; _builder_version=&#8220;4.17.4&#8243; _module_preset=&#8220;default&#8220; global_colors_info=&#8220;{}&#8220;][et_pb_image src=&#8220;http:\/\/patriciaschwarzkopf.de\/wordpress\/wp-content\/uploads\/2023\/08\/eva_kurs.png&#8220; title_text=&#8220;eva_kurs&#8220; _builder_version=&#8220;4.17.4&#8243; _module_preset=&#8220;default&#8220; hover_enabled=&#8220;0&#8243; global_colors_info=&#8220;{}&#8220; max_width=&#8220;80%&#8220; module_alignment=&#8220;center&#8220; sticky_enabled=&#8220;0&#8243;][\/et_pb_image][\/et_pb_column][et_pb_column type=&#8220;1_4&#8243; _builder_version=&#8220;4.17.4&#8243; _module_preset=&#8220;default&#8220; global_colors_info=&#8220;{}&#8220;][et_pb_text _builder_version=&#8220;4.17.4&#8243; _module_preset=&#8220;default&#8220; global_colors_info=&#8220;{}&#8220;]<\/p>\n<p><strong> Eva Vuksan<\/strong><\/p>\n<p>Yogalehrerin (DTB Akademie), Turntrainerin Yoga in Nonnenhorn, Tettnang, vhs Bodenseekreis, Yoga online, Business Yoga, Body Workout online<\/p>\n<p><em>tel: 0175 2353155<\/em><\/p>\n<p>[\/et_pb_text][\/et_pb_column][\/et_pb_row][\/et_pb_section][et_pb_section fb_built=&#8220;1&#8243; _builder_version=&#8220;4.17.4&#8243; _module_preset=&#8220;default&#8220; background_color=&#8220;#F1EAEA&#8220; locked=&#8220;off&#8220; global_colors_info=&#8220;{}&#8220;][et_pb_row column_structure=&#8220;1_4,1_4,1_4,1_4&#8243; _builder_version=&#8220;4.17.4&#8243; _module_preset=&#8220;default&#8220; locked=&#8220;off&#8220; global_colors_info=&#8220;{}&#8220;][et_pb_column type=&#8220;1_4&#8243; _builder_version=&#8220;4.17.4&#8243; _module_preset=&#8220;default&#8220; global_colors_info=&#8220;{}&#8220;][et_pb_image src=&#8220;http:\/\/patriciaschwarzkopf.de\/wordpress\/wp-content\/uploads\/2022\/06\/header_bildung_2022.jpg&#8220; title_text=&#8220;header_bildung_2022&#8243; url=&#8220;http:\/\/patriciaschwarzkopf.de\/wordpress\/achtsamkeit\/&#8220; _builder_version=&#8220;4.17.4&#8243; _module_preset=&#8220;default&#8220; custom_margin=&#8220;||10px|||&#8220; global_colors_info=&#8220;{}&#8220;][\/et_pb_image][et_pb_text _builder_version=&#8220;4.17.4&#8243; _module_preset=&#8220;default&#8220; link_option_url=&#8220;http:\/\/patriciaschwarzkopf.de\/wordpress\/achtsamkeit\/&#8220; global_colors_info=&#8220;{}&#8220;]<\/p>\n<p style=\"text-align: center;\"><em>Achtsamkeit in Bildungseinrichtungen<\/em><\/p>\n<p>[\/et_pb_text][\/et_pb_column][et_pb_column type=&#8220;1_4&#8243; _builder_version=&#8220;4.17.4&#8243; _module_preset=&#8220;default&#8220; global_colors_info=&#8220;{}&#8220;][et_pb_image src=&#8220;http:\/\/patriciaschwarzkopf.de\/wordpress\/wp-content\/uploads\/2022\/06\/dyaden_header_2022.jpg&#8220; title_text=&#8220;dyaden_header_2022&#8243; url=&#8220;http:\/\/patriciaschwarzkopf.de\/wordpress\/dyaden\/&#8220; _builder_version=&#8220;4.17.4&#8243; _module_preset=&#8220;default&#8220; custom_margin=&#8220;||11px|||&#8220; global_colors_info=&#8220;{}&#8220;][\/et_pb_image][et_pb_text _builder_version=&#8220;4.17.4&#8243; _module_preset=&#8220;default&#8220; link_option_url=&#8220;http:\/\/patriciaschwarzkopf.de\/wordpress\/dyaden\/&#8220; global_colors_info=&#8220;{}&#8220;]<\/p>\n<p style=\"text-align: center;\"><em>Dyaden &#8211; Meditationsgespr\u00e4che<\/em><\/p>\n<p>[\/et_pb_text][\/et_pb_column][et_pb_column type=&#8220;1_4&#8243; _builder_version=&#8220;4.17.4&#8243; _module_preset=&#8220;default&#8220; global_colors_info=&#8220;{}&#8220;][et_pb_image src=&#8220;http:\/\/patriciaschwarzkopf.de\/wordpress\/wp-content\/uploads\/2022\/06\/material_header_2022.png&#8220; title_text=&#8220;material_header_2022&#8243; url=&#8220;http:\/\/patriciaschwarzkopf.de\/wordpress\/material\/&#8220; _builder_version=&#8220;4.17.4&#8243; _module_preset=&#8220;default&#8220; custom_margin=&#8220;||10px|||&#8220; global_colors_info=&#8220;{}&#8220;][\/et_pb_image][et_pb_text _builder_version=&#8220;4.17.4&#8243; _module_preset=&#8220;default&#8220; link_option_url=&#8220;http:\/\/patriciaschwarzkopf.de\/wordpress\/material\/&#8220; global_colors_info=&#8220;{}&#8220;]<\/p>\n<p style=\"text-align: center;\"><em>Kursangebote und Materialien<\/em><\/p>\n<p>[\/et_pb_text][\/et_pb_column][et_pb_column type=&#8220;1_4&#8243; _builder_version=&#8220;4.17.4&#8243; _module_preset=&#8220;default&#8220; global_colors_info=&#8220;{}&#8220;][et_pb_image src=&#8220;http:\/\/patriciaschwarzkopf.de\/wordpress\/wp-content\/uploads\/2022\/06\/header_front.jpg&#8220; title_text=&#8220;header_front&#8220; url=&#8220;http:\/\/patriciaschwarzkopf.de\/wordpress\/&#8220; _builder_version=&#8220;4.17.4&#8243; _module_preset=&#8220;default&#8220; custom_margin=&#8220;||8px|||&#8220; global_colors_info=&#8220;{}&#8220;][\/et_pb_image][et_pb_text _builder_version=&#8220;4.17.4&#8243; _module_preset=&#8220;default&#8220; link_option_url=&#8220;http:\/\/patriciaschwarzkopf.de\/wordpress\/&#8220; global_colors_info=&#8220;{}&#8220;]<\/p>\n<p style=\"text-align: center;\"><em>Startseite<\/em><\/p>\n<p>[\/et_pb_text][\/et_pb_column][\/et_pb_row][et_pb_row _builder_version=&#8220;4.17.4&#8243; _module_preset=&#8220;default&#8220; global_colors_info=&#8220;{}&#8220;][et_pb_column type=&#8220;4_4&#8243; _builder_version=&#8220;4.17.4&#8243; _module_preset=&#8220;default&#8220; global_colors_info=&#8220;{}&#8220;][et_pb_text _builder_version=&#8220;4.17.4&#8243; _module_preset=&#8220;default&#8220; global_colors_info=&#8220;{}&#8220;]<\/p>\n<p style=\"text-align: center;\"><span style=\"color: #000000;\"><a href=\"mailto:mail@patriciaschwarzkopf.de\" style=\"color: #000000;\">mail@patriciaschwarzkopf.de<\/a><\/span><\/p>\n<p style=\"text-align: center;\"><a href=\"http:\/\/patriciaschwarzkopf.de\/wordpress\/impressum-datenschutz\/\"><span style=\"color: #000000;\">Impressum \/ Datenschutz<\/span><\/a><\/p>\n<p>[\/et_pb_text][\/et_pb_column][\/et_pb_row][\/et_pb_section]<\/p>\n","protected":false},"excerpt":{"rendered":"<p>MBSR Kompaktkurs Stressbew\u00e4ltigung durch Achtsamkeit Achtsamkeitskurs begleitet mit Yoga 28.\/29. Oktober 2023, 9-13 Uhr11.\/12. November 2023, 9-13 Uhronline via zoomF\u00fcr [&hellip;]<\/p>\n","protected":false},"author":4,"featured_media":0,"parent":0,"menu_order":0,"comment_status":"closed","ping_status":"closed","template":"","meta":{"_et_pb_use_builder":"on","_et_pb_old_content":"","_et_gb_content_width":""},"_links":{"self":[{"href":"http:\/\/patriciaschwarzkopf.de\/wordpress\/wp-json\/wp\/v2\/pages\/718"}],"collection":[{"href":"http:\/\/patriciaschwarzkopf.de\/wordpress\/wp-json\/wp\/v2\/pages"}],"about":[{"href":"http:\/\/patriciaschwarzkopf.de\/wordpress\/wp-json\/wp\/v2\/types\/page"}],"author":[{"embeddable":true,"href":"http:\/\/patriciaschwarzkopf.de\/wordpress\/wp-json\/wp\/v2\/users\/4"}],"replies":[{"embeddable":true,"href":"http:\/\/patriciaschwarzkopf.de\/wordpress\/wp-json\/wp\/v2\/comments?post=718"}],"version-history":[{"count":7,"href":"http:\/\/patriciaschwarzkopf.de\/wordpress\/wp-json\/wp\/v2\/pages\/718\/revisions"}],"predecessor-version":[{"id":733,"href":"http:\/\/patriciaschwarzkopf.de\/wordpress\/wp-json\/wp\/v2\/pages\/718\/revisions\/733"}],"wp:attachment":[{"href":"http:\/\/patriciaschwarzkopf.de\/wordpress\/wp-json\/wp\/v2\/media?parent=718"}],"curies":[{"name":"wp","href":"https:\/\/api.w.org\/{rel}","templated":true}]}}