{"id":180,"date":"2022-05-27T11:05:05","date_gmt":"2022-05-27T09:05:05","guid":{"rendered":"http:\/\/patriciaschwarzkopf.de\/wordpress\/?page_id=180"},"modified":"2023-05-06T08:18:11","modified_gmt":"2023-05-06T06:18:11","slug":"mbsr","status":"publish","type":"page","link":"http:\/\/patriciaschwarzkopf.de\/wordpress\/mbsr\/","title":{"rendered":"MBSR"},"content":{"rendered":"<p>[et_pb_section fb_built=&#8220;1&#8243; admin_label=&#8220;section&#8220; _builder_version=&#8220;4.16&#8243; min_height=&#8220;918.2px&#8220; custom_padding=&#8220;55px|||||&#8220; global_colors_info=&#8220;{}&#8220;][et_pb_row _builder_version=&#8220;4.17.4&#8243; _module_preset=&#8220;default&#8220; custom_margin=&#8220;-82px|auto||auto||&#8220; global_colors_info=&#8220;{}&#8220;][et_pb_column type=&#8220;4_4&#8243; _builder_version=&#8220;4.17.4&#8243; _module_preset=&#8220;default&#8220; global_colors_info=&#8220;{}&#8220;][et_pb_image src=&#8220;http:\/\/patriciaschwarzkopf.de\/wordpress\/wp-content\/uploads\/2022\/06\/header_mbsr.jpg&#8220; title_text=&#8220;header_mbsr&#8220; _builder_version=&#8220;4.17.4&#8243; _module_preset=&#8220;default&#8220; global_colors_info=&#8220;{}&#8220;][\/et_pb_image][\/et_pb_column][\/et_pb_row][et_pb_row admin_label=&#8220;row&#8220; _builder_version=&#8220;4.16&#8243; background_size=&#8220;initial&#8220; background_position=&#8220;top_left&#8220; background_repeat=&#8220;repeat&#8220; custom_padding=&#8220;2px|||0px||&#8220; global_colors_info=&#8220;{}&#8220;][et_pb_column type=&#8220;4_4&#8243; _builder_version=&#8220;4.16&#8243; custom_padding=&#8220;|||&#8220; global_colors_info=&#8220;{}&#8220; custom_padding__hover=&#8220;|||&#8220;][et_pb_text _builder_version=&#8220;4.17.4&#8243; _module_preset=&#8220;default&#8220; custom_padding=&#8220;||0px|||&#8220; global_colors_info=&#8220;{}&#8220;]<\/p>\n<h3><span style=\"color: #000000;\"><strong>Mindfulness-Based Stress Reduction &#8211; MBSR<\/strong><\/span><\/h3>\n<h3><em>Stressbew\u00e4ltigung durch Achtsamkeit im Alltag<\/em><\/h3>\n<p><em><\/em><\/p>\n<p>MBSR &#8211; das wissenschaftlich fundierte Stressbew\u00e4ltigungs-Programm \u201eMindfulness-Based Stress Reduction\u201d &#8211; wurde auf der Basis von Achtsamkeit durch Prof. Dr. Jon Kabat-Zinn und seine Mitarbeiter an der Universit\u00e4ts\u00adklinik von Massachusetts (USA) entwickelt. Es unterst\u00fctzt Menschen darin, konstruktiver mit Stressoren und allt\u00e4glichen Herausforderungen umzugehen.<\/p>\n<p>Ziel ist es, mehr in Kontakt mit sich selbst und die Akzeptanz zu kommen, sei es die eigene Person betreffend als auch das Umfeld. Anstatt vom Strudel allt\u00e4glicher Herausforderungen mitgerissen zu werden, \u00f6ffnet sich damit ein Raum in der eigenen Mitte zu bleiben und resilienter zu werden. Voraussetzung f\u00fcr eine gelingende Teilnahme an einem MBSR-Kurs ist die Bereitschaft zur Auseinandersetzung mit sich selbst.<\/p>\n<p>Dieser Kurs ist erfahrungsorientiert ausgerichtet und bietet ausreichend Gelegenheit, anhand von \u00dcbungen und Meditationen eine neue Haltung im allt\u00e4glichen Handeln und zu uns selbst zu erlernen und zu vertiefen.<\/p>\n<p>Diese Fortbildung findet als einw\u00f6chiger Bildungsurlaub, 8-Wochen-Programm (2,0 bzw. 2,5 Stunden pro Einheit) oder als 4&#215;4 Stunden Kurs statt. Sie wird sowohl Online als auch in Pr\u00e4senz angeboten.<\/p>\n<p>Die Fortbildung beinhaltet neben den Sitzungen, zus\u00e4tzlich Handouts zu jeder Kurseinheit, Zugang zu Audiodateien mit \u00dcbungen und Meditationen und ein pers\u00f6nliches Vorgespr\u00e4ch.<\/p>\n<p><em>ZPP-zertifiziert, zugelassen f\u00fcr Betriebliche Gesundheitsf\u00f6rderung (BGF)<\/em><\/p>\n<ul><\/ul>\n<p>&nbsp;<\/p>\n<p><em><\/em><\/p>\n<p>[\/et_pb_text][\/et_pb_column][\/et_pb_row][et_pb_row _builder_version=&#8220;4.17.4&#8243; _module_preset=&#8220;default&#8220; background_color=&#8220;#F1EAEA&#8220; min_height=&#8220;215px&#8220; custom_margin=&#8220;-58px||||false|false&#8220; custom_padding=&#8220;|3px||30px|false|false&#8220; global_colors_info=&#8220;{}&#8220;][et_pb_column type=&#8220;4_4&#8243; _builder_version=&#8220;4.16&#8243; _module_preset=&#8220;default&#8220; global_colors_info=&#8220;{}&#8220;][et_pb_text _builder_version=&#8220;4.16&#8243; _module_preset=&#8220;default&#8220; custom_margin=&#8220;-8px||-15px||false|false&#8220; custom_padding=&#8220;0px||1px|||&#8220; global_colors_info=&#8220;{}&#8220;]<\/p>\n<h3>Fortbildungsinhalt<\/h3>\n<ul>\n<li>Schulung der Achtsamkeit und Selbstwahrnehmung in Ruhe und Bewegung<\/li>\n<li>Body-Scan, verschiedene Meditationsformen und achtsame Bewegungen<\/li>\n<li>Stresstheorie, Umgang mit Stress und schwierigen Gef\u00fchlen<\/li>\n<li>Achtsame Kommunikation und Selbstakzeptanz<\/li>\n<li>Integration der Achtsamkeit in den Alltag<\/li>\n<li>Audio-Dateien und Teilnehmerhandbuch f\u00fcr zuhause<\/li>\n<\/ul>\n<p>[\/et_pb_text][\/et_pb_column][\/et_pb_row][et_pb_row _builder_version=&#8220;4.17.4&#8243; _module_preset=&#8220;default&#8220; custom_padding=&#8220;83px|||||&#8220; global_colors_info=&#8220;{}&#8220;][et_pb_column type=&#8220;4_4&#8243; _builder_version=&#8220;4.17.4&#8243; _module_preset=&#8220;default&#8220; global_colors_info=&#8220;{}&#8220;][et_pb_image src=&#8220;http:\/\/patriciaschwarzkopf.de\/wordpress\/wp-content\/uploads\/2022\/06\/MBSR-flyer-2022.jpg&#8220; title_text=&#8220;MBSR-flyer-2022&#8243; url=&#8220;http:\/\/patriciaschwarzkopf.de\/wordpress\/wp-content\/uploads\/2022\/06\/MBSR-flyer-2022.pdf&#8220; align=&#8220;center&#8220; _builder_version=&#8220;4.17.4&#8243; _module_preset=&#8220;default&#8220; width=&#8220;25%&#8220; max_width=&#8220;100%&#8220; custom_margin=&#8220;-42px||7px|||&#8220; global_colors_info=&#8220;{}&#8220;][\/et_pb_image][et_pb_text _builder_version=&#8220;4.17.4&#8243; _module_preset=&#8220;default&#8220; min_height=&#8220;22.8px&#8220; custom_margin=&#8220;2px||21px|||&#8220; link_option_url=&#8220;http:\/\/patriciaschwarzkopf.de\/wordpress\/wp-content\/uploads\/2022\/06\/MBSR-flyer-2022.pdf&#8220; global_colors_info=&#8220;{}&#8220;]<\/p>\n<p style=\"text-align: center;\"><em>PDF-Datei herunterladen<\/em><\/p>\n<p>[\/et_pb_text][\/et_pb_column][\/et_pb_row][et_pb_row admin_label=&#8220;row&#8220; _builder_version=&#8220;4.16&#8243; background_size=&#8220;initial&#8220; background_position=&#8220;top_left&#8220; background_repeat=&#8220;repeat&#8220; custom_padding=&#8220;2px|||0px||&#8220; global_colors_info=&#8220;{}&#8220;][et_pb_column type=&#8220;4_4&#8243; _builder_version=&#8220;4.16&#8243; custom_padding=&#8220;|||&#8220; global_colors_info=&#8220;{}&#8220; custom_padding__hover=&#8220;|||&#8220;][et_pb_text _builder_version=&#8220;4.17.4&#8243; _module_preset=&#8220;default&#8220; custom_padding=&#8220;||0px|||&#8220; global_colors_info=&#8220;{}&#8220;]<\/p>\n<h3><strong>MBSR Einzeltraining<\/strong><\/h3>\n<h3><em>MBSR ganz pers\u00f6nlich<\/em><\/h3>\n<p><em><\/em><\/p>\n<p>Falls Sie nicht an einem Gruppentraining teilnehmen k\u00f6nnen oder m\u00f6chten, biete ich Ihnen an, die Praxis der Achtsamkeit zur Stressbew\u00e4ltigung in einem pers\u00f6nlichen Einzeltraining zu erlernen. Dabei k\u00f6nnen die \u00dcbungen individuell auf Ihre berufliche oder private Belastungssituation abgestimmt werden. Wir schauen an, in welchen Situationen Sie in Stress geraten, woran Sie das k\u00f6rperlich bemerken, was ihre stressverst\u00e4rkenden Gedankenmuster sind und wie Sie mit schwierigen Gef\u00fchlen umgehen. Ich begleite Sie dabei, einen geeigneten Weg durch den Strudel der Anforderungen zu finden, Ihre \u00dcbung im Alltag umzusetzen und weiter zu vertiefen. Dabei sind Sie und Ihre Anliegen der Mittelpunkt, praktische \u00dcbungsanleitungen und reflektierendes Gespr\u00e4ch wechseln sich im Prozess ab.<\/p>\n<p>Nach einem Einzeltraining k\u00f6nnen Sie zur Aufrechterhaltung Ihrer Achtsamkeitspraxis an einzelnen Achtsamkeitstagen teilnehmen.<\/p>\n<p><em><\/em><\/p>\n<p>[\/et_pb_text][\/et_pb_column][\/et_pb_row][et_pb_row _builder_version=&#8220;4.17.4&#8243; _module_preset=&#8220;default&#8220; background_color=&#8220;#F1EAEA&#8220; min_height=&#8220;215px&#8220; custom_margin=&#8220;||||false|false&#8220; custom_padding=&#8220;|3px|0px|30px|false|false&#8220; global_colors_info=&#8220;{}&#8220;][et_pb_column type=&#8220;4_4&#8243; _builder_version=&#8220;4.16&#8243; _module_preset=&#8220;default&#8220; global_colors_info=&#8220;{}&#8220;][et_pb_text _builder_version=&#8220;4.17.4&#8243; _module_preset=&#8220;default&#8220; custom_margin=&#8220;-8px||-15px||false|false&#8220; custom_padding=&#8220;0px||1px|||&#8220; global_colors_info=&#8220;{}&#8220;]<\/p>\n<h3>Struktur<\/h3>\n<p>Ein Erstgespr\u00e4ch zum Kennenlernen, in dem ich Ihre Anliegen h\u00f6re und wir einen Plan f\u00fcr Ihr Einzeltraining verabreden. Wir besprechen Rhythmus und Anzahl Ihrer Einzelstunden, die Terminwahl kann individuell abgestimmt werden.<\/p>\n<ul>\n<li>60 Minuten Einzeltraining<\/li>\n<li>Terminwahl kann individuell abgestimmt werden<\/li>\n<\/ul>\n<ul>\n<li style=\"list-style-type: none;\">\n<ul><\/ul>\n<\/li>\n<\/ul>\n<p>[\/et_pb_text][\/et_pb_column][\/et_pb_row][\/et_pb_section][et_pb_section fb_built=&#8220;1&#8243; _builder_version=&#8220;4.17.4&#8243; _module_preset=&#8220;default&#8220; background_color=&#8220;#F1EAEA&#8220; locked=&#8220;off&#8220; global_colors_info=&#8220;{}&#8220;][et_pb_row column_structure=&#8220;1_4,1_4,1_4,1_4&#8243; _builder_version=&#8220;4.17.4&#8243; _module_preset=&#8220;default&#8220; locked=&#8220;off&#8220; global_colors_info=&#8220;{}&#8220;][et_pb_column type=&#8220;1_4&#8243; _builder_version=&#8220;4.17.4&#8243; _module_preset=&#8220;default&#8220; global_colors_info=&#8220;{}&#8220;][et_pb_image src=&#8220;http:\/\/patriciaschwarzkopf.de\/wordpress\/wp-content\/uploads\/2022\/06\/header_bildung_2022.jpg&#8220; title_text=&#8220;header_bildung_2022&#8243; url=&#8220;http:\/\/patriciaschwarzkopf.de\/wordpress\/achtsamkeit\/&#8220; _builder_version=&#8220;4.17.4&#8243; _module_preset=&#8220;default&#8220; custom_margin=&#8220;||10px|||&#8220; global_colors_info=&#8220;{}&#8220;][\/et_pb_image][et_pb_text _builder_version=&#8220;4.17.4&#8243; _module_preset=&#8220;default&#8220; link_option_url=&#8220;http:\/\/patriciaschwarzkopf.de\/wordpress\/achtsamkeit\/&#8220; global_colors_info=&#8220;{}&#8220;]<\/p>\n<p style=\"text-align: center;\"><em>Achtsamkeit in Bildungseinrichtungen<\/em><\/p>\n<p>[\/et_pb_text][\/et_pb_column][et_pb_column type=&#8220;1_4&#8243; _builder_version=&#8220;4.17.4&#8243; _module_preset=&#8220;default&#8220; global_colors_info=&#8220;{}&#8220;][et_pb_image src=&#8220;http:\/\/patriciaschwarzkopf.de\/wordpress\/wp-content\/uploads\/2022\/06\/dyaden_header_2022.jpg&#8220; title_text=&#8220;dyaden_header_2022&#8243; url=&#8220;http:\/\/patriciaschwarzkopf.de\/wordpress\/dyaden\/&#8220; _builder_version=&#8220;4.17.4&#8243; _module_preset=&#8220;default&#8220; custom_margin=&#8220;||11px|||&#8220; global_colors_info=&#8220;{}&#8220;][\/et_pb_image][et_pb_text _builder_version=&#8220;4.17.4&#8243; _module_preset=&#8220;default&#8220; link_option_url=&#8220;http:\/\/patriciaschwarzkopf.de\/wordpress\/dyaden\/&#8220; global_colors_info=&#8220;{}&#8220;]<\/p>\n<p style=\"text-align: center;\"><em>Dyaden &#8211; Meditationsgespr\u00e4che<\/em><\/p>\n<p>[\/et_pb_text][\/et_pb_column][et_pb_column type=&#8220;1_4&#8243; _builder_version=&#8220;4.17.4&#8243; _module_preset=&#8220;default&#8220; global_colors_info=&#8220;{}&#8220;][et_pb_image src=&#8220;http:\/\/patriciaschwarzkopf.de\/wordpress\/wp-content\/uploads\/2022\/06\/material_header_2022.png&#8220; title_text=&#8220;material_header_2022&#8243; url=&#8220;http:\/\/patriciaschwarzkopf.de\/wordpress\/material\/&#8220; _builder_version=&#8220;4.17.4&#8243; _module_preset=&#8220;default&#8220; custom_margin=&#8220;||10px|||&#8220; global_colors_info=&#8220;{}&#8220;][\/et_pb_image][et_pb_text _builder_version=&#8220;4.17.4&#8243; _module_preset=&#8220;default&#8220; link_option_url=&#8220;http:\/\/patriciaschwarzkopf.de\/wordpress\/material\/&#8220; global_colors_info=&#8220;{}&#8220;]<\/p>\n<p style=\"text-align: center;\"><em>Kursangebote und Materialien<\/em><\/p>\n<p>[\/et_pb_text][\/et_pb_column][et_pb_column type=&#8220;1_4&#8243; _builder_version=&#8220;4.17.4&#8243; _module_preset=&#8220;default&#8220; global_colors_info=&#8220;{}&#8220;][et_pb_image src=&#8220;http:\/\/patriciaschwarzkopf.de\/wordpress\/wp-content\/uploads\/2022\/06\/header_front.jpg&#8220; title_text=&#8220;header_front&#8220; url=&#8220;http:\/\/patriciaschwarzkopf.de\/wordpress\/&#8220; _builder_version=&#8220;4.17.4&#8243; _module_preset=&#8220;default&#8220; custom_margin=&#8220;||8px|||&#8220; global_colors_info=&#8220;{}&#8220;][\/et_pb_image][et_pb_text _builder_version=&#8220;4.17.4&#8243; _module_preset=&#8220;default&#8220; link_option_url=&#8220;http:\/\/patriciaschwarzkopf.de\/wordpress\/&#8220; global_colors_info=&#8220;{}&#8220;]<\/p>\n<p style=\"text-align: center;\"><em>Startseite<\/em><\/p>\n<p>[\/et_pb_text][\/et_pb_column][\/et_pb_row][et_pb_row _builder_version=&#8220;4.17.4&#8243; _module_preset=&#8220;default&#8220; global_colors_info=&#8220;{}&#8220;][et_pb_column type=&#8220;4_4&#8243; _builder_version=&#8220;4.17.4&#8243; _module_preset=&#8220;default&#8220; global_colors_info=&#8220;{}&#8220;][et_pb_text _builder_version=&#8220;4.17.4&#8243; _module_preset=&#8220;default&#8220; global_colors_info=&#8220;{}&#8220;]<\/p>\n<p style=\"text-align: center;\"><span style=\"color: #000000;\"><a href=\"mailto:mail@patriciaschwarzkopf.de\" style=\"color: #000000;\">mail@patriciaschwarzkopf.de<\/a><\/span><\/p>\n<p style=\"text-align: center;\"><a href=\"http:\/\/patriciaschwarzkopf.de\/wordpress\/impressum-datenschutz\/\"><span style=\"color: #000000;\">Impressum \/ Datenschutz<\/span><\/a><\/p>\n<p>[\/et_pb_text][\/et_pb_column][\/et_pb_row][\/et_pb_section]<\/p>\n","protected":false},"excerpt":{"rendered":"<p>Mindfulness-Based Stress Reduction &#8211; MBSR Stressbew\u00e4ltigung durch Achtsamkeit im Alltag MBSR &#8211; das wissenschaftlich fundierte Stressbew\u00e4ltigungs-Programm \u201eMindfulness-Based Stress Reduction\u201d &#8211; [&hellip;]<\/p>\n","protected":false},"author":4,"featured_media":0,"parent":0,"menu_order":0,"comment_status":"closed","ping_status":"closed","template":"","meta":{"_et_pb_use_builder":"on","_et_pb_old_content":"","_et_gb_content_width":""},"_links":{"self":[{"href":"http:\/\/patriciaschwarzkopf.de\/wordpress\/wp-json\/wp\/v2\/pages\/180"}],"collection":[{"href":"http:\/\/patriciaschwarzkopf.de\/wordpress\/wp-json\/wp\/v2\/pages"}],"about":[{"href":"http:\/\/patriciaschwarzkopf.de\/wordpress\/wp-json\/wp\/v2\/types\/page"}],"author":[{"embeddable":true,"href":"http:\/\/patriciaschwarzkopf.de\/wordpress\/wp-json\/wp\/v2\/users\/4"}],"replies":[{"embeddable":true,"href":"http:\/\/patriciaschwarzkopf.de\/wordpress\/wp-json\/wp\/v2\/comments?post=180"}],"version-history":[{"count":26,"href":"http:\/\/patriciaschwarzkopf.de\/wordpress\/wp-json\/wp\/v2\/pages\/180\/revisions"}],"predecessor-version":[{"id":701,"href":"http:\/\/patriciaschwarzkopf.de\/wordpress\/wp-json\/wp\/v2\/pages\/180\/revisions\/701"}],"wp:attachment":[{"href":"http:\/\/patriciaschwarzkopf.de\/wordpress\/wp-json\/wp\/v2\/media?parent=180"}],"curies":[{"name":"wp","href":"https:\/\/api.w.org\/{rel}","templated":true}]}}